{"id":38698,"date":"2023-11-07T17:54:01","date_gmt":"2023-11-07T09:54:01","guid":{"rendered":"http:\/\/www.ccdc.com.hk\/?page_id=38698"},"modified":"2023-11-07T18:03:24","modified_gmt":"2023-11-07T10:03:24","slug":"genie-lok","status":"publish","type":"page","link":"https:\/\/www.ccdc.com.hk\/en\/artists\/genie-lok\/","title":{"rendered":"Genie LOK"},"content":{"rendered":"<p>[vc_row enable_arrows_animation=&#8221;no&#8221;][vc_column][vc_empty_space][\/vc_column][\/vc_row][vc_row enable_arrows_animation=&#8221;no&#8221;][vc_column width=&#8221;1\/3&#8243;][vc_single_image image=&#8221;38687&#8243; img_size=&#8221;full&#8221;][\/vc_column][vc_column width=&#8221;2\/3&#8243;][vc_single_image image=&#8221;38715&#8243; img_size=&#8221;medium&#8221;][vc_empty_space][vc_column_text]<\/p>\n<div class=\"jspPane\">\n<h4><b><span style=\"color: #8e9d6e;\">Genie LOK<\/span><\/b><\/h4>\n<h6>Dance Artist Trainee<\/h6>\n<p>Genie Lok graduated in The Hong Kong Academy for Performing Arts, majoring in Contemporary Dance and minoring in Choreography. During her studies, she received the \u2018Grantham Scholarships Fund\u2019 several times and \u2018K. K. Chak Memorial Scholarship\u2019. She has collaborated with artists including Micka\u00ebl &#8216;Marso&#8217; Rivi\u00e8re, Jorge Jauregui Allue, Judith S\u00e1nchez Ru\u00edz and Leila McMillan. She has also presented her choreographies <em>The experimental life<\/em> and <em>The experimental life(?) 2.0<\/em>. She has participated in productions by various local institutions, including Hong Kong International Airport, E-Side Dance Company and TS Crew. She joined CCDC in 2023 as Dance Artist Trainee.<\/p>\n<\/div>\n<p>[\/vc_column_text][\/vc_column][\/vc_row][vc_row enable_arrows_animation=&#8221;no&#8221;][vc_column][vc_empty_space][vc_btn title=&#8221;CCDC Artists&#8221; color=&#8221;black&#8221; link=&#8221;url:http%3A%2F%2Fwww.ccdc.com.hk%2Fen%2Fartists%2F|&#8221;][\/vc_column][\/vc_row][vc_row enable_arrows_animation=&#8221;no&#8221;][vc_column][vc_empty_space height=&#8221;80px&#8221;][\/vc_column][\/vc_row]<\/p>\n","protected":false},"excerpt":{"rendered":"<p>[vc_row enable_arrows_animation=&#8221;no&#8221;][vc_column][vc_empty_space][\/vc_column][\/vc_row][vc_row enable_arrows_animation=&#8221;no&#8221;][vc_column width=&#8221;1\/3&#8243;][vc_single_image image=&#8221;38687&#8243; img_size=&#8221;full&#8221;][\/vc_column][vc_column width=&#8221;2\/3&#8243;][vc_single_image image=&#8221;38715&#8243; img_size=&#8221;medium&#8221;][vc_empty_space][vc_column_text] Genie LOK Dance Artist Trainee Genie Lok graduated in The Hong Kong Academy for Performing Arts, majoring in Contemporary Dance and minoring in Choreography. During her studies, she received the \u2018Grantham Scholarships Fund\u2019 several times and \u2018K. K. Chak Memorial Scholarship\u2019. She has collaborated with artists including Micka\u00ebl &#8216;Marso&#8217; Rivi\u00e8re, Jorge Jauregui Allue, Judith S\u00e1nchez Ru\u00edz and Leila McMillan. She has also presented her choreographies The experimental life and The experimental life(?) 2.0. She has participated in productions by various local institutions, including Hong Kong International Airport, E-Side Dance Company and TS Crew. She joined CCDC in 2023 as Dance Artist Trainee. [\/vc_column_text][\/vc_column][\/vc_row][vc_row enable_arrows_animation=&#8221;no&#8221;][vc_column][vc_empty_space][vc_btn title=&#8221;CCDC Artists&#8221; color=&#8221;black&#8221; link=&#8221;url:http%3A%2F%2Fwww.ccdc.com.hk%2Fen%2Fartists%2F|&#8221;][\/vc_column][\/vc_row][vc_row enable_arrows_animation=&#8221;no&#8221;][vc_column][vc_empty_space height=&#8221;80px&#8221;][\/vc_column][\/vc_row]<\/p>\n","protected":false},"author":3,"featured_media":0,"parent":6657,"menu_order":0,"comment_status":"closed","ping_status":"closed","template":"","meta":{"_tribe_blocks_recurrence_rules":"","_tribe_blocks_recurrence_exclusions":"","_tribe_blocks_recurrence_description":"","_ecp_custom_2":""},"yoast_head":"<!-- This site is optimized with the Yoast SEO plugin v15.7 - https:\/\/yoast.com\/wordpress\/plugins\/seo\/ -->\n<title>Genie LOK - CCDC<\/title>\n<meta name=\"robots\" content=\"index, follow, max-snippet:-1, max-image-preview:large, max-video-preview:-1\" \/>\n<link rel=\"canonical\" href=\"https:\/\/www.ccdc.com.hk\/en\/artists\/genie-lok\/\" \/>\n<meta property=\"og:locale\" content=\"en_US\" \/>\n<meta property=\"og:type\" content=\"article\" \/>\n<meta property=\"og:title\" content=\"Genie LOK - CCDC\" \/>\n<meta property=\"og:description\" content=\"[vc_row enable_arrows_animation=&#8221;no&#8221;][vc_column][vc_empty_space][\/vc_column][\/vc_row][vc_row enable_arrows_animation=&#8221;no&#8221;][vc_column width=&#8221;1\/3&#8243;][vc_single_image image=&#8221;38687&#8243; img_size=&#8221;full&#8221;][\/vc_column][vc_column width=&#8221;2\/3&#8243;][vc_single_image image=&#8221;38715&#8243; img_size=&#8221;medium&#8221;][vc_empty_space][vc_column_text] Genie LOK Dance Artist Trainee Genie Lok graduated in The Hong Kong Academy for Performing Arts, majoring in Contemporary Dance and minoring in Choreography. During her studies, she received the \u2018Grantham Scholarships Fund\u2019 several times and \u2018K. K. Chak Memorial Scholarship\u2019. She has collaborated with artists including Micka\u00ebl &#8216;Marso&#8217; Rivi\u00e8re, Jorge Jauregui Allue, Judith S\u00e1nchez Ru\u00edz and Leila McMillan. She has also presented her choreographies The experimental life and The experimental life(?) 2.0. She has participated in productions by various local institutions, including Hong Kong International Airport, E-Side Dance Company and TS Crew. She joined CCDC in 2023 as Dance Artist Trainee. [\/vc_column_text][\/vc_column][\/vc_row][vc_row enable_arrows_animation=&#8221;no&#8221;][vc_column][vc_empty_space][vc_btn title=&#8221;CCDC Artists&#8221; color=&#8221;black&#8221; link=&#8221;url:http%3A%2F%2Fwww.ccdc.com.hk%2Fen%2Fartists%2F|&#8221;][\/vc_column][\/vc_row][vc_row enable_arrows_animation=&#8221;no&#8221;][vc_column][vc_empty_space height=&#8221;80px&#8221;][\/vc_column][\/vc_row]\" \/>\n<meta property=\"og:url\" content=\"https:\/\/www.ccdc.com.hk\/en\/artists\/genie-lok\/\" \/>\n<meta property=\"og:site_name\" content=\"CCDC\" \/>\n<meta property=\"article:modified_time\" content=\"2023-11-07T10:03:24+00:00\" \/>\n<meta name=\"twitter:card\" content=\"summary_large_image\" \/>\n<meta name=\"twitter:label1\" content=\"Est. reading time\">\n\t<meta name=\"twitter:data1\" content=\"1 minute\">\n<script type=\"application\/ld+json\" class=\"yoast-schema-graph\">{\"@context\":\"https:\/\/schema.org\",\"@graph\":[{\"@type\":\"Organization\",\"@id\":\"https:\/\/www.ccdc.com.hk\/#organization\",\"name\":\"CCDC\\u57ce\\u5e02\\u7576\\u4ee3\\u821e\\u8e48\\u5718\",\"url\":\"https:\/\/www.ccdc.com.hk\/\",\"sameAs\":[],\"logo\":{\"@type\":\"ImageObject\",\"@id\":\"https:\/\/www.ccdc.com.hk\/#logo\",\"inLanguage\":\"en-US\",\"url\":\"https:\/\/www.ccdc.com.hk\/wp-content\/uploads\/2021\/03\/Green-CHI@4xb.jpg\",\"width\":698,\"height\":698,\"caption\":\"CCDC\\u57ce\\u5e02\\u7576\\u4ee3\\u821e\\u8e48\\u5718\"},\"image\":{\"@id\":\"https:\/\/www.ccdc.com.hk\/#logo\"}},{\"@type\":\"WebSite\",\"@id\":\"https:\/\/www.ccdc.com.hk\/#website\",\"url\":\"https:\/\/www.ccdc.com.hk\/\",\"name\":\"CCDC\",\"description\":\"City Contemporary Dance Company\",\"publisher\":{\"@id\":\"https:\/\/www.ccdc.com.hk\/#organization\"},\"potentialAction\":[{\"@type\":\"SearchAction\",\"target\":\"https:\/\/www.ccdc.com.hk\/?s={search_term_string}\",\"query-input\":\"required name=search_term_string\"}],\"inLanguage\":\"en-US\"},{\"@type\":\"WebPage\",\"@id\":\"https:\/\/www.ccdc.com.hk\/en\/artists\/genie-lok\/#webpage\",\"url\":\"https:\/\/www.ccdc.com.hk\/en\/artists\/genie-lok\/\",\"name\":\"Genie LOK - CCDC\",\"isPartOf\":{\"@id\":\"https:\/\/www.ccdc.com.hk\/#website\"},\"datePublished\":\"2023-11-07T09:54:01+00:00\",\"dateModified\":\"2023-11-07T10:03:24+00:00\",\"inLanguage\":\"en-US\",\"potentialAction\":[{\"@type\":\"ReadAction\",\"target\":[\"https:\/\/www.ccdc.com.hk\/en\/artists\/genie-lok\/\"]}]}]}<\/script>\n<!-- \/ Yoast SEO plugin. -->","_links":{"self":[{"href":"https:\/\/www.ccdc.com.hk\/en\/wp-json\/wp\/v2\/pages\/38698"}],"collection":[{"href":"https:\/\/www.ccdc.com.hk\/en\/wp-json\/wp\/v2\/pages"}],"about":[{"href":"https:\/\/www.ccdc.com.hk\/en\/wp-json\/wp\/v2\/types\/page"}],"author":[{"embeddable":true,"href":"https:\/\/www.ccdc.com.hk\/en\/wp-json\/wp\/v2\/users\/3"}],"replies":[{"embeddable":true,"href":"https:\/\/www.ccdc.com.hk\/en\/wp-json\/wp\/v2\/comments?post=38698"}],"version-history":[{"count":5,"href":"https:\/\/www.ccdc.com.hk\/en\/wp-json\/wp\/v2\/pages\/38698\/revisions"}],"predecessor-version":[{"id":38754,"href":"https:\/\/www.ccdc.com.hk\/en\/wp-json\/wp\/v2\/pages\/38698\/revisions\/38754"}],"up":[{"embeddable":true,"href":"https:\/\/www.ccdc.com.hk\/en\/wp-json\/wp\/v2\/pages\/6657"}],"wp:attachment":[{"href":"https:\/\/www.ccdc.com.hk\/en\/wp-json\/wp\/v2\/media?parent=38698"}],"curies":[{"name":"wp","href":"https:\/\/api.w.org\/{rel}","templated":true}]}}